{"id":945,"date":"2025-09-10T18:55:52","date_gmt":"2025-09-10T16:55:52","guid":{"rendered":"https:\/\/newlinkbachilleratodual.es\/centres-educatius\/"},"modified":"2025-09-13T19:27:15","modified_gmt":"2025-09-13T17:27:15","slug":"centres-educatius","status":"publish","type":"page","link":"https:\/\/newlinkbachilleratodual.es\/ca\/centres-educatius\/","title":{"rendered":"Centres Educatius"},"content":{"rendered":"\t\t<div data-elementor-type=\"wp-page\" data-elementor-id=\"945\" class=\"elementor elementor-945 elementor-448\" data-elementor-post-type=\"page\">\n\t\t\t\t<div class=\"elementor-element elementor-element-9bf9c61 e-con-full e-flex e-con e-parent\" data-id=\"9bf9c61\" data-element_type=\"container\" data-settings=\"{&quot;background_background&quot;:&quot;classic&quot;}\">\n\t\t<div class=\"elementor-element elementor-element-526a7f9 e-flex e-con-boxed e-con e-child\" data-id=\"526a7f9\" data-element_type=\"container\">\n\t\t\t\t\t<div class=\"e-con-inner\">\n\t\t\t\t<div class=\"elementor-element elementor-element-6219208 elementor-widget elementor-widget-heading\" data-id=\"6219208\" data-element_type=\"widget\" data-widget_type=\"heading.default\">\n\t\t\t\t\t<h2 class=\"elementor-heading-title elementor-size-default\">  IMPULSA EL TEU CENTRE EDUCATIU<\/h2>\t\t\t\t<\/div>\n\t\t\t\t<div class=\"elementor-element elementor-element-106ae0b elementor-widget elementor-widget-heading\" data-id=\"106ae0b\" data-element_type=\"widget\" data-widget_type=\"heading.default\">\n\t\t\t\t\t<p class=\"elementor-heading-title elementor-size-default\">  Transforma el teu centre en un referent d'innovaci\u00f3 i excel\u00b7l\u00e8ncia acad\u00e8mica.<\/p>\t\t\t\t<\/div>\n\t\t\t\t\t<\/div>\n\t\t\t\t<\/div>\n\t\t\t\t<\/div>\n\t\t<div class=\"elementor-element elementor-element-8a93ab7 e-flex e-con-boxed e-con e-parent\" data-id=\"8a93ab7\" data-element_type=\"container\">\n\t\t\t\t\t<div class=\"e-con-inner\">\n\t\t\t\t<div class=\"elementor-element elementor-element-cd4c91c elementor-widget elementor-widget-heading\" data-id=\"cd4c91c\" data-element_type=\"widget\" data-widget_type=\"heading.default\">\n\t\t\t\t\t<h2 class=\"elementor-heading-title elementor-size-default\">Amb el nostre equip d'experts i descobreixi com els nostres programes poden enriquir el projecte educatiu del seu centre.\n\n<\/h2>\t\t\t\t<\/div>\n\t\t\t\t\t<\/div>\n\t\t\t\t<\/div>\n\t\t<div class=\"elementor-element elementor-element-5acbb4d e-flex e-con-boxed e-con e-parent\" data-id=\"5acbb4d\" data-element_type=\"container\">\n\t\t\t\t\t<div class=\"e-con-inner\">\n\t\t<div class=\"elementor-element elementor-element-d66c2af e-con-full e-flex e-con e-child\" data-id=\"d66c2af\" data-element_type=\"container\">\n\t\t\t\t<div class=\"elementor-element elementor-element-fe012ad elementor-widget elementor-widget-heading\" data-id=\"fe012ad\" data-element_type=\"widget\" data-widget_type=\"heading.default\">\n\t\t\t\t\t<p class=\"elementor-heading-title elementor-size-default\">Volem ajudar-te a impulsar el teu centre al seg\u00fcent nivell, contacta amb nosaltres per demanar m\u00e9s informaci\u00f3 sobre els nostres programes.  \n<\/p>\t\t\t\t<\/div>\n\t\t\t\t<div class=\"elementor-element elementor-element-d484bbc elementor-widget elementor-widget-text-editor\" data-id=\"d484bbc\" data-element_type=\"widget\" data-widget_type=\"text-editor.default\">\n\t\t\t\t\t\t\t\t\t<p>En el din\u00e0mic entorn educatiu, els centres educatius s&#8217; enfronten a <strong>grans desafiaments: des<\/strong> de la necessitat d&#8217; una innovaci\u00f3 curricular constant i la millora del prestigi institucional.<\/p><p>Els nostres programes, han estat dissenyats espec\u00edficament per a centres escolars, on els oferim les eines estrat\u00e8giques per superar aquests reptes i ajudar els seus estudiants i les seves fam\u00edlies a aconseguir <strong>l&#8217;\u00e8xit i l&#8217;excel\u00b7l\u00e8ncia acad\u00e8mica<\/strong>.<\/p>\t\t\t\t\t\t\t\t<\/div>\n\t\t\t\t<\/div>\n\t\t<div class=\"elementor-element elementor-element-f1978af e-con-full e-flex e-con e-child\" data-id=\"f1978af\" data-element_type=\"container\" data-settings=\"{&quot;background_background&quot;:&quot;classic&quot;}\">\n\t\t\t\t<div class=\"elementor-element elementor-element-af10f39 elementor-widget__width-inherit elementor-widget elementor-widget-html\" data-id=\"af10f39\" data-element_type=\"widget\" data-widget_type=\"html.default\">\n\t\t\t\t\t<div id=\"zf_div_raCNxWgnVot_9qxKa3nvZ25a381GiFcM6NxX4DHC8HU\">\r\n<\/div>\t\t\t\t<\/div>\n\t\t\t\t<\/div>\n\t\t\t\t\t<\/div>\n\t\t\t\t<\/div>\n\t\t\t\t<\/div>\n\t\t","protected":false},"excerpt":{"rendered":"<p>IMPULSA EL TEU CENTRE EDUCATIU Transforma el teu centre en un referent d&#8217;innovaci\u00f3 i excel\u00b7l\u00e8ncia acad\u00e8mica. Amb el nostre equip d&#8217;experts i descobreixi com els nostres programes poden enriquir el projecte educatiu del seu centre. Volem ajudar-te a impulsar el teu centre al seg\u00fcent nivell, contacta amb nosaltres per demanar m\u00e9s informaci\u00f3 sobre els nostres [&hellip;]<\/p>\n","protected":false},"author":1,"featured_media":0,"parent":0,"menu_order":0,"comment_status":"closed","ping_status":"closed","template":"elementor_theme","meta":{"_acf_changed":false,"footnotes":""},"class_list":["post-945","page","type-page","status-publish","hentry"],"acf":[],"yoast_head":"<!-- This site is optimized with the Yoast SEO Premium plugin v25.9 (Yoast SEO v25.9) - https:\/\/yoast.com\/wordpress\/plugins\/seo\/ -->\n<title>Centres Educatius | Newlink Bachillerato Dual<\/title>\n<meta name=\"robots\" content=\"index, follow, max-snippet:-1, max-image-preview:large, max-video-preview:-1\" \/>\n<link rel=\"canonical\" href=\"https:\/\/newlinkbachilleratodual.es\/ca\/centres-educatius\/\" \/>\n<meta property=\"og:locale\" content=\"ca_ES\" \/>\n<meta property=\"og:type\" content=\"article\" \/>\n<meta property=\"og:title\" content=\"Centres Educatius\" \/>\n<meta property=\"og:description\" content=\"IMPULSA EL TEU CENTRE EDUCATIU Transforma el teu centre en un referent d&#8217;innovaci\u00f3 i excel\u00b7l\u00e8ncia acad\u00e8mica. Amb el nostre equip d&#8217;experts i descobreixi com els nostres programes poden enriquir el projecte educatiu del seu centre. Volem ajudar-te a impulsar el teu centre al seg\u00fcent nivell, contacta amb nosaltres per demanar m\u00e9s informaci\u00f3 sobre els nostres [&hellip;]\" \/>\n<meta property=\"og:url\" content=\"https:\/\/newlinkbachilleratodual.es\/ca\/centres-educatius\/\" \/>\n<meta property=\"og:site_name\" content=\"Newlink Bachillerato Dual\" \/>\n<meta property=\"article:modified_time\" content=\"2025-09-13T17:27:15+00:00\" \/>\n<meta name=\"twitter:card\" content=\"summary_large_image\" \/>\n<meta name=\"twitter:label1\" content=\"Temps estimat de lectura\" \/>\n\t<meta name=\"twitter:data1\" content=\"1 minut\" \/>\n<script type=\"application\/ld+json\" class=\"yoast-schema-graph\">{\"@context\":\"https:\/\/schema.org\",\"@graph\":[{\"@type\":\"WebPage\",\"@id\":\"https:\/\/newlinkbachilleratodual.es\/ca\/centres-educatius\/\",\"url\":\"https:\/\/newlinkbachilleratodual.es\/ca\/centres-educatius\/\",\"name\":\"Centres Educatius | Newlink Bachillerato Dual\",\"isPartOf\":{\"@id\":\"https:\/\/newlinkbachilleratodual.es\/ca\/#website\"},\"datePublished\":\"2025-09-10T16:55:52+00:00\",\"dateModified\":\"2025-09-13T17:27:15+00:00\",\"breadcrumb\":{\"@id\":\"https:\/\/newlinkbachilleratodual.es\/ca\/centres-educatius\/#breadcrumb\"},\"inLanguage\":\"ca\",\"potentialAction\":[{\"@type\":\"ReadAction\",\"target\":[\"https:\/\/newlinkbachilleratodual.es\/ca\/centres-educatius\/\"]}]},{\"@type\":\"BreadcrumbList\",\"@id\":\"https:\/\/newlinkbachilleratodual.es\/ca\/centres-educatius\/#breadcrumb\",\"itemListElement\":[{\"@type\":\"ListItem\",\"position\":1,\"name\":\"Portada\",\"item\":\"https:\/\/newlinkbachilleratodual.es\/ca\/home-2\/\"},{\"@type\":\"ListItem\",\"position\":2,\"name\":\"Centres Educatius\"}]},{\"@type\":\"WebSite\",\"@id\":\"https:\/\/newlinkbachilleratodual.es\/ca\/#website\",\"url\":\"https:\/\/newlinkbachilleratodual.es\/ca\/\",\"name\":\"Newlink Bachillerato Dual\",\"description\":\"\",\"publisher\":{\"@id\":\"https:\/\/newlinkbachilleratodual.es\/ca\/#organization\"},\"alternateName\":\"Newlink - Bachillerato Dual Americano\",\"potentialAction\":[{\"@type\":\"SearchAction\",\"target\":{\"@type\":\"EntryPoint\",\"urlTemplate\":\"https:\/\/newlinkbachilleratodual.es\/ca\/?s={search_term_string}\"},\"query-input\":{\"@type\":\"PropertyValueSpecification\",\"valueRequired\":true,\"valueName\":\"search_term_string\"}}],\"inLanguage\":\"ca\"},{\"@type\":\"Organization\",\"@id\":\"https:\/\/newlinkbachilleratodual.es\/ca\/#organization\",\"name\":\"Newlink Bachillerato Dual\",\"url\":\"https:\/\/newlinkbachilleratodual.es\/ca\/\",\"logo\":{\"@type\":\"ImageObject\",\"inLanguage\":\"ca\",\"@id\":\"https:\/\/newlinkbachilleratodual.es\/ca\/#\/schema\/logo\/image\/\",\"url\":\"https:\/\/newlinkbachilleratodual.es\/wp-content\/uploads\/2025\/09\/nlk_education_logo.webp\",\"contentUrl\":\"https:\/\/newlinkbachilleratodual.es\/wp-content\/uploads\/2025\/09\/nlk_education_logo.webp\",\"width\":450,\"height\":197,\"caption\":\"Newlink Bachillerato Dual\"},\"image\":{\"@id\":\"https:\/\/newlinkbachilleratodual.es\/ca\/#\/schema\/logo\/image\/\"}}]}<\/script>\n<!-- \/ Yoast SEO Premium plugin. -->","yoast_head_json":{"title":"Centres Educatius | Newlink Bachillerato Dual","robots":{"index":"index","follow":"follow","max-snippet":"max-snippet:-1","max-image-preview":"max-image-preview:large","max-video-preview":"max-video-preview:-1"},"canonical":"https:\/\/newlinkbachilleratodual.es\/ca\/centres-educatius\/","og_locale":"ca_ES","og_type":"article","og_title":"Centres Educatius","og_description":"IMPULSA EL TEU CENTRE EDUCATIU Transforma el teu centre en un referent d&#8217;innovaci\u00f3 i excel\u00b7l\u00e8ncia acad\u00e8mica. Amb el nostre equip d&#8217;experts i descobreixi com els nostres programes poden enriquir el projecte educatiu del seu centre. Volem ajudar-te a impulsar el teu centre al seg\u00fcent nivell, contacta amb nosaltres per demanar m\u00e9s informaci\u00f3 sobre els nostres [&hellip;]","og_url":"https:\/\/newlinkbachilleratodual.es\/ca\/centres-educatius\/","og_site_name":"Newlink Bachillerato Dual","article_modified_time":"2025-09-13T17:27:15+00:00","twitter_card":"summary_large_image","twitter_misc":{"Temps estimat de lectura":"1 minut"},"schema":{"@context":"https:\/\/schema.org","@graph":[{"@type":"WebPage","@id":"https:\/\/newlinkbachilleratodual.es\/ca\/centres-educatius\/","url":"https:\/\/newlinkbachilleratodual.es\/ca\/centres-educatius\/","name":"Centres Educatius | Newlink Bachillerato Dual","isPartOf":{"@id":"https:\/\/newlinkbachilleratodual.es\/ca\/#website"},"datePublished":"2025-09-10T16:55:52+00:00","dateModified":"2025-09-13T17:27:15+00:00","breadcrumb":{"@id":"https:\/\/newlinkbachilleratodual.es\/ca\/centres-educatius\/#breadcrumb"},"inLanguage":"ca","potentialAction":[{"@type":"ReadAction","target":["https:\/\/newlinkbachilleratodual.es\/ca\/centres-educatius\/"]}]},{"@type":"BreadcrumbList","@id":"https:\/\/newlinkbachilleratodual.es\/ca\/centres-educatius\/#breadcrumb","itemListElement":[{"@type":"ListItem","position":1,"name":"Portada","item":"https:\/\/newlinkbachilleratodual.es\/ca\/home-2\/"},{"@type":"ListItem","position":2,"name":"Centres Educatius"}]},{"@type":"WebSite","@id":"https:\/\/newlinkbachilleratodual.es\/ca\/#website","url":"https:\/\/newlinkbachilleratodual.es\/ca\/","name":"Newlink Bachillerato Dual","description":"","publisher":{"@id":"https:\/\/newlinkbachilleratodual.es\/ca\/#organization"},"alternateName":"Newlink - Bachillerato Dual Americano","potentialAction":[{"@type":"SearchAction","target":{"@type":"EntryPoint","urlTemplate":"https:\/\/newlinkbachilleratodual.es\/ca\/?s={search_term_string}"},"query-input":{"@type":"PropertyValueSpecification","valueRequired":true,"valueName":"search_term_string"}}],"inLanguage":"ca"},{"@type":"Organization","@id":"https:\/\/newlinkbachilleratodual.es\/ca\/#organization","name":"Newlink Bachillerato Dual","url":"https:\/\/newlinkbachilleratodual.es\/ca\/","logo":{"@type":"ImageObject","inLanguage":"ca","@id":"https:\/\/newlinkbachilleratodual.es\/ca\/#\/schema\/logo\/image\/","url":"https:\/\/newlinkbachilleratodual.es\/wp-content\/uploads\/2025\/09\/nlk_education_logo.webp","contentUrl":"https:\/\/newlinkbachilleratodual.es\/wp-content\/uploads\/2025\/09\/nlk_education_logo.webp","width":450,"height":197,"caption":"Newlink Bachillerato Dual"},"image":{"@id":"https:\/\/newlinkbachilleratodual.es\/ca\/#\/schema\/logo\/image\/"}}]}},"_links":{"self":[{"href":"https:\/\/newlinkbachilleratodual.es\/ca\/wp-json\/wp\/v2\/pages\/945","targetHints":{"allow":["GET"]}}],"collection":[{"href":"https:\/\/newlinkbachilleratodual.es\/ca\/wp-json\/wp\/v2\/pages"}],"about":[{"href":"https:\/\/newlinkbachilleratodual.es\/ca\/wp-json\/wp\/v2\/types\/page"}],"author":[{"embeddable":true,"href":"https:\/\/newlinkbachilleratodual.es\/ca\/wp-json\/wp\/v2\/users\/1"}],"replies":[{"embeddable":true,"href":"https:\/\/newlinkbachilleratodual.es\/ca\/wp-json\/wp\/v2\/comments?post=945"}],"version-history":[{"count":2,"href":"https:\/\/newlinkbachilleratodual.es\/ca\/wp-json\/wp\/v2\/pages\/945\/revisions"}],"predecessor-version":[{"id":1070,"href":"https:\/\/newlinkbachilleratodual.es\/ca\/wp-json\/wp\/v2\/pages\/945\/revisions\/1070"}],"wp:attachment":[{"href":"https:\/\/newlinkbachilleratodual.es\/ca\/wp-json\/wp\/v2\/media?parent=945"}],"curies":[{"name":"wp","href":"https:\/\/api.w.org\/{rel}","templated":true}]}}